{"id":59413,"date":"2022-09-21T15:07:25","date_gmt":"2022-09-21T14:07:25","guid":{"rendered":"https:\/\/hezten.eus\/tekniken-bildumak\/"},"modified":"2022-10-18T09:25:12","modified_gmt":"2022-10-18T08:25:12","slug":"tekniken-bildumak","status":"publish","type":"page","link":"https:\/\/hezten.eus\/es\/tekniken-bildumak\/","title":{"rendered":"Tekniken bildumak"},"content":{"rendered":"<div class=\" entradilla\">\n<div class=\"container\">\n<div class=\"row\">\n<div class=\"col-12\">\n<h1>Colecci\u00f3n de<br \/>\nt\u00e9cnicas<\/h1>\n<p>Las personas que trabajamos como monitores de tiempo libre o animadores socioculturales, utilizamos juegos y din\u00e1micas variadas para fomentar la participaci\u00f3n de la gente, con el objetivo de que todos los participantes sean personas integradas y se sientan as\u00ed; utilizamos los temas que queremos trabajar en general para hacerlos m\u00e1s comprensibles o para fomentar actitudes cr\u00edticas. En esta APP vamos a presentar algunas din\u00e1micas que nos pueden ser \u00fatiles en nuestra tarea.<\/p>\n<p><!--<a href=\"#\"><\/a>--><\/p>\n<\/div>\n<\/div>\n<\/div>\n<\/div>\n<div class=\"container\">\n<div class=\"view\">\n<div class=\"col-sm-4\">\n<div class=\"kdahtb-mota-datuak\">\n                <a href=\"https:\/\/hezten.eus\/es\/tekniken-bildumak\/tecnicas-de-afirmacion\/\"><\/p>\n<h3>T\u00e9cnicas de afirmaci\u00f3n<\/h3>\n<p>                <\/a><\/p>\n<div class=\"testua\">\n<p>Son juegos en los que tiene un papel prioritario la afirmaci\u00f3n de los\/as participantes como personas\u2026<\/p><\/div>\n<p class=\"pull-right\"><a href=\"https:\/\/hezten.eus\/es\/tekniken-bildumak\/tecnicas-de-afirmacion\/\" class=\"sf-button accent stroke-to-fill\">m\u00e1s<\/a><\/p>\n<div style=\"clear:both;\"><\/div><\/div><\/div>\n<div class=\"col-sm-4\">\n<div class=\"kdahtb-mota-datuak\">\n                <a href=\"https:\/\/hezten.eus\/es\/tekniken-bildumak\/tecnicas-para-trabajar-las-emociones\/\"><\/p>\n<h3>T\u00e9cnicas para trabajar las emociones<\/h3>\n<p>                <\/a><\/p>\n<div class=\"testua\">\n<p>Cuando trabajamos en grupo aparecen diferentes emociones que tenemos que aprender a manejar de forma\u2026<\/p><\/div>\n<p class=\"pull-right\"><a href=\"https:\/\/hezten.eus\/es\/tekniken-bildumak\/tecnicas-para-trabajar-las-emociones\/\" class=\"sf-button accent stroke-to-fill\">m\u00e1s<\/a><\/p>\n<div style=\"clear:both;\"><\/div><\/div><\/div>\n<div class=\"col-sm-4\">\n<div class=\"kdahtb-mota-datuak\">\n                <a href=\"https:\/\/hezten.eus\/es\/tekniken-bildumak\/tecnicas-de-cooperacion\/\"><\/p>\n<h3>T\u00e9cnicas de cooperaci\u00f3n<\/h3>\n<p>                <\/a><\/p>\n<div class=\"testua\">\n<p>Si te gusta ganar, \u00bfPor qu\u00e9 jugar a perder? A continuaci\u00f3n presentamos una serie de juegos en los qu\u2026<\/p><\/div>\n<p class=\"pull-right\"><a href=\"https:\/\/hezten.eus\/es\/tekniken-bildumak\/tecnicas-de-cooperacion\/\" class=\"sf-button accent stroke-to-fill\">m\u00e1s<\/a><\/p>\n<div style=\"clear:both;\"><\/div><\/div><\/div>\n<div class=\"col-sm-4\">\n<div class=\"kdahtb-mota-datuak\">\n                <a href=\"https:\/\/hezten.eus\/es\/tekniken-bildumak\/tecnicas-de-confianza\/\"><\/p>\n<h3>T\u00e9cnicas de confianza<\/h3>\n<p>                <\/a><\/p>\n<div class=\"testua\">\n<p>Son, en su mayor parte, ejercicios f\u00edsicos para probar y estimular la confianza en uno\/a mismo\/a y e\u2026<\/p><\/div>\n<p class=\"pull-right\"><a href=\"https:\/\/hezten.eus\/es\/tekniken-bildumak\/tecnicas-de-confianza\/\" class=\"sf-button accent stroke-to-fill\">m\u00e1s<\/a><\/p>\n<div style=\"clear:both;\"><\/div><\/div><\/div>\n<div class=\"col-sm-4\">\n<div class=\"kdahtb-mota-datuak\">\n                <a href=\"https:\/\/hezten.eus\/es\/tekniken-bildumak\/tecnicas-para-formar-grupos\/\"><\/p>\n<h3>T\u00e9cnicas para formar grupos<\/h3>\n<p>                <\/a><\/p>\n<div class=\"testua\">\n<p>Para realizar muchas actividades solemos organizarnos en grupos peque\u00f1os. Y para formar estos grupos\u2026<\/p><\/div>\n<p class=\"pull-right\"><a href=\"https:\/\/hezten.eus\/es\/tekniken-bildumak\/tecnicas-para-formar-grupos\/\" class=\"sf-button accent stroke-to-fill\">m\u00e1s<\/a><\/p>\n<div style=\"clear:both;\"><\/div><\/div><\/div>\n<div class=\"col-sm-4\">\n<div class=\"kdahtb-mota-datuak\">\n                <a href=\"https:\/\/hezten.eus\/es\/tekniken-bildumak\/tecnicas-de-organizacion-y-planificacion\/\"><\/p>\n<h3>T\u00e9cnicas de organizaci\u00f3n y planificaci\u00f3n<\/h3>\n<p>                <\/a><\/p>\n<div class=\"testua\">\n<p>Las t\u00e9cnicas de organizaci\u00f3n y planificaci\u00f3n aqu\u00ed presentes est\u00e1n dirigidas especialmente a grupos d\u2026<\/p><\/div>\n<p class=\"pull-right\"><a href=\"https:\/\/hezten.eus\/es\/tekniken-bildumak\/tecnicas-de-organizacion-y-planificacion\/\" class=\"sf-button accent stroke-to-fill\">m\u00e1s<\/a><\/p>\n<div style=\"clear:both;\"><\/div><\/div><\/div>\n<div class=\"col-sm-4\">\n<div class=\"kdahtb-mota-datuak\">\n                <a href=\"https:\/\/hezten.eus\/es\/tekniken-bildumak\/tecnicas-de-comunicacion\/\"><\/p>\n<h3>T\u00e9cnicas de comunicaci\u00f3n<\/h3>\n<p>                <\/a><\/p>\n<div class=\"testua\">\n<p>La siguiente serie est\u00e1 dividida en tres partes diferentes. Primero unos ejercicios para pedir silen\u2026<\/p><\/div>\n<p class=\"pull-right\"><a href=\"https:\/\/hezten.eus\/es\/tekniken-bildumak\/tecnicas-de-comunicacion\/\" class=\"sf-button accent stroke-to-fill\">m\u00e1s<\/a><\/p>\n<div style=\"clear:both;\"><\/div><\/div><\/div>\n<div class=\"col-sm-4\">\n<div class=\"kdahtb-mota-datuak\">\n                <a href=\"https:\/\/hezten.eus\/es\/tekniken-bildumak\/tecnicas-de-abstraccion\/\"><\/p>\n<h3>T\u00e9cnicas de abstracci\u00f3n<\/h3>\n<p>                <\/a><\/p>\n<div class=\"testua\">\n<p>Son aquellas que nos permiten sintetizar o resumir los aspectos centrales de una idea o tema; nos pe\u2026<\/p><\/div>\n<p class=\"pull-right\"><a href=\"https:\/\/hezten.eus\/es\/tekniken-bildumak\/tecnicas-de-abstraccion\/\" class=\"sf-button accent stroke-to-fill\">m\u00e1s<\/a><\/p>\n<div style=\"clear:both;\"><\/div><\/div><\/div>\n<div class=\"col-sm-4\">\n<div class=\"kdahtb-mota-datuak\">\n                <a href=\"https:\/\/hezten.eus\/es\/tekniken-bildumak\/tecnicas-de-analisis-general\/\"><\/p>\n<h3>T\u00e9cnicas de an\u00e1lisis general<\/h3>\n<p>                <\/a><\/p>\n<div class=\"testua\">\n<p> El conjunto de t\u00e9cnicas aqu\u00ed agrupadas, tienen como caracter\u00edstica com\u00fan el que nos permiten trabaja\u2026<\/p><\/div>\n<p class=\"pull-right\"><a href=\"https:\/\/hezten.eus\/es\/tekniken-bildumak\/tecnicas-de-analisis-general\/\" class=\"sf-button accent stroke-to-fill\">m\u00e1s<\/a><\/p>\n<div style=\"clear:both;\"><\/div><\/div><\/div>\n<div class=\"col-sm-4\">\n<div class=\"kdahtb-mota-datuak\">\n                <a href=\"https:\/\/hezten.eus\/es\/tekniken-bildumak\/tecnicas-de-animacion-grupal\/\"><\/p>\n<h3>T\u00e9cnicas de animaci\u00f3n grupal<\/h3>\n<p>                <\/a><\/p>\n<div class=\"testua\">\n<p> Son una serie de t\u00e9cnicas o juegos \u00fatiles para cualquier ocasi\u00f3n ya que pueden ser utilizados con di\u2026<\/p><\/div>\n<p class=\"pull-right\"><a href=\"https:\/\/hezten.eus\/es\/tekniken-bildumak\/tecnicas-de-animacion-grupal\/\" class=\"sf-button accent stroke-to-fill\">m\u00e1s<\/a><\/p>\n<div style=\"clear:both;\"><\/div><\/div><\/div>\n<div class=\"col-sm-4\">\n<div class=\"kdahtb-mota-datuak\">\n                <a href=\"https:\/\/hezten.eus\/es\/tekniken-bildumak\/tecnicas-de-presentacion\/\"><\/p>\n<h3>T\u00e9cnicas de presentaci\u00f3n<\/h3>\n<p>                <\/a><\/p>\n<div class=\"testua\">\n<p> Se trata de juegos muy sencillos que permiten un primer acercamiento y contacto. Fundamentalmente se\u2026<\/p><\/div>\n<p class=\"pull-right\"><a href=\"https:\/\/hezten.eus\/es\/tekniken-bildumak\/tecnicas-de-presentacion\/\" class=\"sf-button accent stroke-to-fill\">m\u00e1s<\/a><\/p>\n<div style=\"clear:both;\"><\/div><\/div><\/div><\/div>\n<\/div>\n","protected":false},"excerpt":{"rendered":"<p>Colecci\u00f3n de t\u00e9cnicas Las personas que trabajamos como monitores de tiempo libre o animadores socioculturales, utilizamos juegos y din\u00e1micas variadas para fomentar la participaci\u00f3n de la gente, con el objetivo&#8230;<\/p>\n","protected":false},"author":24,"featured_media":0,"parent":0,"menu_order":0,"comment_status":"closed","ping_status":"closed","template":"","meta":{"footnotes":""},"class_list":["post-59413","page","type-page","status-publish"],"yoast_head":"<!-- This site is optimized with the Yoast SEO plugin v27.3 - https:\/\/yoast.com\/product\/yoast-seo-wordpress\/ -->\n<title>Tekniken bildumak - Hezten<\/title>\n<meta name=\"robots\" content=\"index, follow, max-snippet:-1, max-image-preview:large, max-video-preview:-1\" \/>\n<link rel=\"canonical\" href=\"https:\/\/hezten.eus\/es\/tekniken-bildumak\/\" \/>\n<meta property=\"og:locale\" content=\"es_ES\" \/>\n<meta property=\"og:type\" content=\"article\" \/>\n<meta property=\"og:title\" content=\"Tekniken bildumak - Hezten\" \/>\n<meta property=\"og:description\" content=\"Colecci\u00f3n de t\u00e9cnicas Las personas que trabajamos como monitores de tiempo libre o animadores socioculturales, utilizamos juegos y din\u00e1micas variadas para fomentar la participaci\u00f3n de la gente, con el objetivo...\" \/>\n<meta property=\"og:url\" content=\"https:\/\/hezten.eus\/es\/tekniken-bildumak\/\" \/>\n<meta property=\"og:site_name\" content=\"Hezten\" \/>\n<meta property=\"article:modified_time\" content=\"2022-10-18T08:25:12+00:00\" \/>\n<meta name=\"twitter:card\" content=\"summary_large_image\" \/>\n<meta name=\"twitter:label1\" content=\"Tiempo de lectura\" \/>\n\t<meta name=\"twitter:data1\" content=\"2 minutos\" \/>\n<script type=\"application\/ld+json\" class=\"yoast-schema-graph\">{\"@context\":\"https:\\\/\\\/schema.org\",\"@graph\":[{\"@type\":\"WebPage\",\"@id\":\"https:\\\/\\\/hezten.eus\\\/es\\\/tekniken-bildumak\\\/\",\"url\":\"https:\\\/\\\/hezten.eus\\\/es\\\/tekniken-bildumak\\\/\",\"name\":\"Tekniken bildumak - Hezten\",\"isPartOf\":{\"@id\":\"https:\\\/\\\/hezten.eus\\\/es\\\/#website\"},\"datePublished\":\"2022-09-21T14:07:25+00:00\",\"dateModified\":\"2022-10-18T08:25:12+00:00\",\"breadcrumb\":{\"@id\":\"https:\\\/\\\/hezten.eus\\\/es\\\/tekniken-bildumak\\\/#breadcrumb\"},\"inLanguage\":\"es\",\"potentialAction\":[{\"@type\":\"ReadAction\",\"target\":[\"https:\\\/\\\/hezten.eus\\\/es\\\/tekniken-bildumak\\\/\"]}]},{\"@type\":\"BreadcrumbList\",\"@id\":\"https:\\\/\\\/hezten.eus\\\/es\\\/tekniken-bildumak\\\/#breadcrumb\",\"itemListElement\":[{\"@type\":\"ListItem\",\"position\":1,\"name\":\"Home\",\"item\":\"https:\\\/\\\/hezten.eus\\\/es\\\/\"},{\"@type\":\"ListItem\",\"position\":2,\"name\":\"Tekniken bildumak\"}]},{\"@type\":\"WebSite\",\"@id\":\"https:\\\/\\\/hezten.eus\\\/es\\\/#website\",\"url\":\"https:\\\/\\\/hezten.eus\\\/es\\\/\",\"name\":\"Hezten\",\"description\":\"Aisialdi euskaltzalea\",\"potentialAction\":[{\"@type\":\"SearchAction\",\"target\":{\"@type\":\"EntryPoint\",\"urlTemplate\":\"https:\\\/\\\/hezten.eus\\\/es\\\/?s={search_term_string}\"},\"query-input\":{\"@type\":\"PropertyValueSpecification\",\"valueRequired\":true,\"valueName\":\"search_term_string\"}}],\"inLanguage\":\"es\"}]}<\/script>\n<!-- \/ Yoast SEO plugin. -->","yoast_head_json":{"title":"Tekniken bildumak - Hezten","robots":{"index":"index","follow":"follow","max-snippet":"max-snippet:-1","max-image-preview":"max-image-preview:large","max-video-preview":"max-video-preview:-1"},"canonical":"https:\/\/hezten.eus\/es\/tekniken-bildumak\/","og_locale":"es_ES","og_type":"article","og_title":"Tekniken bildumak - Hezten","og_description":"Colecci\u00f3n de t\u00e9cnicas Las personas que trabajamos como monitores de tiempo libre o animadores socioculturales, utilizamos juegos y din\u00e1micas variadas para fomentar la participaci\u00f3n de la gente, con el objetivo...","og_url":"https:\/\/hezten.eus\/es\/tekniken-bildumak\/","og_site_name":"Hezten","article_modified_time":"2022-10-18T08:25:12+00:00","twitter_card":"summary_large_image","twitter_misc":{"Tiempo de lectura":"2 minutos"},"schema":{"@context":"https:\/\/schema.org","@graph":[{"@type":"WebPage","@id":"https:\/\/hezten.eus\/es\/tekniken-bildumak\/","url":"https:\/\/hezten.eus\/es\/tekniken-bildumak\/","name":"Tekniken bildumak - Hezten","isPartOf":{"@id":"https:\/\/hezten.eus\/es\/#website"},"datePublished":"2022-09-21T14:07:25+00:00","dateModified":"2022-10-18T08:25:12+00:00","breadcrumb":{"@id":"https:\/\/hezten.eus\/es\/tekniken-bildumak\/#breadcrumb"},"inLanguage":"es","potentialAction":[{"@type":"ReadAction","target":["https:\/\/hezten.eus\/es\/tekniken-bildumak\/"]}]},{"@type":"BreadcrumbList","@id":"https:\/\/hezten.eus\/es\/tekniken-bildumak\/#breadcrumb","itemListElement":[{"@type":"ListItem","position":1,"name":"Home","item":"https:\/\/hezten.eus\/es\/"},{"@type":"ListItem","position":2,"name":"Tekniken bildumak"}]},{"@type":"WebSite","@id":"https:\/\/hezten.eus\/es\/#website","url":"https:\/\/hezten.eus\/es\/","name":"Hezten","description":"Aisialdi euskaltzalea","potentialAction":[{"@type":"SearchAction","target":{"@type":"EntryPoint","urlTemplate":"https:\/\/hezten.eus\/es\/?s={search_term_string}"},"query-input":{"@type":"PropertyValueSpecification","valueRequired":true,"valueName":"search_term_string"}}],"inLanguage":"es"}]}},"_links":{"self":[{"href":"https:\/\/hezten.eus\/es\/wp-json\/wp\/v2\/pages\/59413","targetHints":{"allow":["GET"]}}],"collection":[{"href":"https:\/\/hezten.eus\/es\/wp-json\/wp\/v2\/pages"}],"about":[{"href":"https:\/\/hezten.eus\/es\/wp-json\/wp\/v2\/types\/page"}],"author":[{"embeddable":true,"href":"https:\/\/hezten.eus\/es\/wp-json\/wp\/v2\/users\/24"}],"replies":[{"embeddable":true,"href":"https:\/\/hezten.eus\/es\/wp-json\/wp\/v2\/comments?post=59413"}],"version-history":[{"count":11,"href":"https:\/\/hezten.eus\/es\/wp-json\/wp\/v2\/pages\/59413\/revisions"}],"predecessor-version":[{"id":59437,"href":"https:\/\/hezten.eus\/es\/wp-json\/wp\/v2\/pages\/59413\/revisions\/59437"}],"wp:attachment":[{"href":"https:\/\/hezten.eus\/es\/wp-json\/wp\/v2\/media?parent=59413"}],"curies":[{"name":"wp","href":"https:\/\/api.w.org\/{rel}","templated":true}]}}