{"id":31929,"date":"2017-06-28T14:50:40","date_gmt":"2017-06-28T13:50:40","guid":{"rendered":"https:\/\/hezten.eus\/es\/?page_id=31929"},"modified":"2022-10-05T12:18:13","modified_gmt":"2022-10-05T11:18:13","slug":"aviso-legal","status":"publish","type":"page","link":"https:\/\/hezten.eus\/es\/aviso-legal\/","title":{"rendered":"AVISO LEGAL"},"content":{"rendered":"[vc_row type=\u00bbin_container\u00bb full_screen_row_position=\u00bbmiddle\u00bb column_margin=\u00bbdefault\u00bb column_direction=\u00bbdefault\u00bb column_direction_tablet=\u00bbdefault\u00bb column_direction_phone=\u00bbdefault\u00bb scene_position=\u00bbcenter\u00bb text_color=\u00bbdark\u00bb text_align=\u00bbleft\u00bb row_border_radius=\u00bbnone\u00bb row_border_radius_applies=\u00bbbg\u00bb overflow=\u00bbvisible\u00bb overlay_strength=\u00bb0.3&#8243; gradient_direction=\u00bbleft_to_right\u00bb shape_divider_position=\u00bbbottom\u00bb bg_image_animation=\u00bbnone\u00bb][vc_column column_padding=\u00bbno-extra-padding\u00bb column_padding_tablet=\u00bbinherit\u00bb column_padding_phone=\u00bbinherit\u00bb column_padding_position=\u00bball\u00bb column_element_spacing=\u00bbdefault\u00bb background_color_opacity=\u00bb1&#8243; background_hover_color_opacity=\u00bb1&#8243; column_shadow=\u00bbnone\u00bb column_border_radius=\u00bbnone\u00bb column_link_target=\u00bb_self\u00bb column_position=\u00bbdefault\u00bb gradient_direction=\u00bbleft_to_right\u00bb overlay_strength=\u00bb0.3&#8243; width=\u00bb1\/1&#8243; tablet_width_inherit=\u00bbdefault\u00bb tablet_text_alignment=\u00bbdefault\u00bb phone_text_alignment=\u00bbdefault\u00bb animation_type=\u00bbdefault\u00bb bg_image_animation=\u00bbnone\u00bb border_type=\u00bbsimple\u00bb column_border_width=\u00bbnone\u00bb column_border_style=\u00bbsolid\u00bb][divider line_type=\u00bbNo Line\u00bb custom_height=\u00bb40&#8243;][vc_column_text]\n<h1 class=\"p1\"><strong><span class=\"s1\">AVISO LEGAL<\/span><\/strong><\/h1>\n<p class=\"p1\"><span class=\"s1\"><i>En cumplimiento de la Ley 34\/2002, de 11 de julio, de Servicios de la Sociedad de la Informaci\u00f3n y de Comercio Electr\u00f3nico (LSSI-CE), la empresa<span class=\"Apple-converted-space\">\u00a0 <\/span>le informa que es titular del sitio web. De acuerdo con la exigencia del art\u00edculo 10 de la citada Ley, informa de los siguientes datos: <\/i><\/span><\/p>\n<p class=\"p1\"><span class=\"s1\"><i>El titular de este sitio web es: <\/i><\/span><\/p>\n<table class=\"t1\" cellspacing=\"0\" cellpadding=\"0\">\n<tbody>\n<tr>\n<td class=\"td1\" valign=\"top\">\n<p class=\"p2\">Nombre de la empresa<\/p>\n<\/td>\n<td class=\"td2\" valign=\"top\">\n<p class=\"p2\">Ezten<\/p>\n<\/td>\n<\/tr>\n<tr>\n<td class=\"td3\" valign=\"top\">\n<p class=\"p2\">NIF<\/p>\n<\/td>\n<td class=\"td4\" valign=\"top\">\n<p class=\"p2\">G20538997<\/p>\n<\/td>\n<\/tr>\n<tr>\n<td class=\"td1\" valign=\"top\">\n<p class=\"p2\">Direcci\u00f3n<\/p>\n<\/td>\n<td class=\"td2\" valign=\"top\">\n<p class=\"p2\">Camino Mundaiz, 8. 2\u00baE, 20012, Donostia-Sam Sebasti\u00e1n, Gipuzkoa<\/p>\n<\/td>\n<\/tr>\n<tr>\n<td class=\"td5\" valign=\"top\">\n<p class=\"p3\">Inscripci\u00f3n en el registro mercantil<\/p>\n<\/td>\n<td class=\"td6\" valign=\"top\">\n<p class=\"p3\">N\u00famero de inscripci\u00f3n<\/p>\n<\/td>\n<\/tr>\n<\/tbody>\n<\/table>\n<p class=\"p1\"><span class=\"s2\"><b><i>USUARIOS<\/i><\/b><\/span><\/p>\n<p class=\"p1\"><span class=\"s1\"><i>El acceso y\/o uso de este portal le atribuye la condici\u00f3n de USUARIO, que acepta, desde dicho acceso y\/o uso, las Condiciones Generales de Uso aqu\u00ed reflejadas. Las citadas Condiciones ser\u00e1n de aplicaci\u00f3n independientemente de las Condiciones Generales de Contrataci\u00f3n que en su caso resulten de obligado cumplimiento.<\/i><\/span><\/p>\n<p class=\"p1\"><span class=\"s2\"><b><i>USO DEL PORTAL<\/i><\/b><\/span><\/p>\n<p class=\"p1\"><span class=\"s1\"><i>La p\u00e1gina web proporciona el acceso a multitud de informaciones, servicios, programas o datos (en adelante, \u201clos contenidos\u201d) en Internet pertenecientes a Ezten o a sus licenciantes a los que el USUARIO pueda tener acceso. El USUARIO asume la responsabilidad del uso del portal. Dicha responsabilidad se extiende al registro que fuese necesario para acceder a determinados servicios o contenidos.<\/i><\/span><\/p>\n<p class=\"p1\"><span class=\"s1\"><i>En dicho registro el USUARIO ser\u00e1 responsable de aportar informaci\u00f3n veraz y l\u00edcita. Como consecuencia de este registro, al USUARIO se le puede proporcionar una contrase\u00f1a de la que ser\u00e1 responsable, comprometi\u00e9ndose a hacer un uso diligente y confidencial de la misma. El USUARIO se compromete a hacer un uso adecuado de los contenidos y servicios que Ezten ofrece a trav\u00e9s de su portal y con car\u00e1cter enunciativo pero no limitativo, a no emplearlos para: <\/i><\/span><\/p>\n<ol class=\"ol1\">\n<li class=\"li1\"><i><\/i><span class=\"s1\"><i>incurrir en actividades il\u00edcitas, ilegales o contrarias a la buena fe y al orden p\u00fablico<\/i><\/span><\/li>\n<li class=\"li1\"><i><\/i><span class=\"s1\"><i>difundir contenidos o propaganda de car\u00e1cter racista, xen\u00f3fobo, pornogr\u00e1fico-ilegal, de apolog\u00eda del terrorismo o atentatorio contra los derechos humanos<\/i><\/span><\/li>\n<li class=\"li1\"><i><\/i><span class=\"s1\"><i>provocar da\u00f1os en los sistemas f\u00edsicos y l\u00f3gicos de Ezten, de sus proveedores o de terceras personas, introducir o difundir en la red virus inform\u00e1ticos o cualesquiera otros sistemas f\u00edsicos o l\u00f3gicos que sean susceptibles de provocar los da\u00f1os anteriormente mencionados;<\/i><\/span><\/li>\n<li class=\"li1\"><i><\/i><span class=\"s1\"><i>intentar acceder y, en su caso, utilizar las cuentas de correo electr\u00f3nico de otros usuarios y modificar manipular sus mensajes. Ezten se reserva el derecho de retirar todos aquellos comentarios y aportaciones que vulneren el respeto a la dignidad de la persona, que sean discriminatorios, xen\u00f3fobos, racistas, pornogr\u00e1ficos, que atenten contra la juventud o la infancia, el orden o la seguridad p\u00fablica o que, a su juicio, no resultaran adecuados para su publicaci\u00f3n. En cualquier caso, Ezten no ser\u00e1 responsable de las opiniones vertidas por los usuarios a trav\u00e9s de los foros, chats, u otras herramientas de participaci\u00f3n.<\/i><\/span><\/li>\n<\/ol>\n<p class=\"p1\"><span class=\"s2\"><b><i>PROPIEDAD INTELECTUAL E INDUSTRIAL<\/i><\/b><\/span><\/p>\n<p class=\"p1\"><span class=\"s1\"><i>Ezten ser\u00e1 titular de todos los derechos de propiedad intelectual e industrial de su p\u00e1gina web, as\u00ed como de los elementos contenidos en la misma (a t\u00edtulo enunciativo, im\u00e1genes, sonido, audio, v\u00eddeo, software o textos; marcas o logotipos, combinaciones de colores, estructura y dise\u00f1o, selecci\u00f3n de materiales usados, programas de ordenador necesarios para su funcionamiento, acceso y uso, etc.).<\/i><\/span><\/p>\n<p class=\"p1\"><span class=\"s1\"><i>Todos los derechos reservados. En virtud de lo dispuesto en los art\u00edculos 8 y 32.1, p\u00e1rrafo segundo, de la Ley de Propiedad Intelectual, quedan expresamente prohibidas la reproducci\u00f3n, la distribuci\u00f3n y la comunicaci\u00f3n p\u00fablica, incluida su modalidad de puesta a disposici\u00f3n, de la totalidad o parte de los contenidos de esta p\u00e1gina web, con fines comerciales, en cualquier soporte y por cualquier medio t\u00e9cnico, sin la autorizaci\u00f3n de Ezten. El USUARIO se compromete a respetar los derechos de Propiedad Intelectual e Industrial titularidad de Ezten. Podr\u00e1 visualizar los elementos del portal e incluso imprimirlos, copiarlos y almacenarlos en el disco duro de su ordenador o en cualquier otro soporte f\u00edsico siempre y cuando sea, \u00fanica y exclusivamente, para su uso personal y privado. El USUARIO deber\u00e1 abstenerse de suprimir, alterar, eludir o manipular cualquier dispositivo de protecci\u00f3n o sistema de seguridad que estuviera instalado en el las p\u00e1ginas de Ezten.<\/i><\/span><\/p>\n<p class=\"p1\"><span class=\"s2\"><b><i>EXCLUSI\u00d3N DE GARANT\u00cdAS Y RESPONSABILIDAD<\/i><\/b><\/span><\/p>\n<p class=\"p1\"><span class=\"s1\"><i>Ezten no se hace responsable, en ning\u00fan caso, de los da\u00f1os y perjuicios de cualquier naturaleza que pudieran ocasionar, a t\u00edtulo enunciativo: errores u omisiones en los contenidos, falta de disponibilidad del portal o la transmisi\u00f3n de virus o programas maliciosos o lesivos en los contenidos, a pesar de haber adoptado todas las medidas tecnol\u00f3gicas necesarias para evitarlo.<\/i><\/span><\/p>\n<p class=\"p1\"><span class=\"s2\"><b><i>MODIFICACIONES<\/i><\/b><\/span><\/p>\n<p class=\"p1\"><span class=\"s1\"><i>Ezten se reserva el derecho de efectuar sin previo aviso las modificaciones que considere oportunas en su portal, pudiendo cambiar, suprimir o a\u00f1adir tanto los contenidos y servicios que se presten a trav\u00e9s de la misma como la forma en la que \u00e9stos aparezcan presentados o localizados en su portal.<\/i><\/span><\/p>\n<p class=\"p1\"><span class=\"s2\"><b><i>ENLACES<\/i><\/b><\/span><\/p>\n<p class=\"p1\"><span class=\"s1\"><i>En el caso de que en la p\u00e1gina web se dispusiesen enlaces o hiperv\u00ednculos hac\u00eda otros sitios de Internet, Ezten no ejercer\u00e1 ning\u00fan tipo de control sobre dichos sitios y contenidos. En ning\u00fan caso Ezten asumir\u00e1 responsabilidad alguna por los contenidos de alg\u00fan enlace perteneciente a un sitio web ajeno, ni garantizar\u00e1 la disponibilidad t\u00e9cnica, calidad, fiabilidad, exactitud, amplitud, veracidad, validez y constitucionalidad de cualquier material o informaci\u00f3n contenida en ninguno de dichos hiperv\u00ednculos u otros sitios de Internet.<\/i><\/span><\/p>\n<p class=\"p1\"><span class=\"s1\"><i>Igualmente, la inclusi\u00f3n de estas conexiones externas no implicar\u00e1 ning\u00fan tipo de asociaci\u00f3n, fusi\u00f3n o participaci\u00f3n con las entidades conectadas.<\/i><\/span><\/p>\n<p class=\"p1\"><span class=\"s2\"><b><i>DERECHO DE EXCLUSI\u00d3N<\/i><\/b><\/span><\/p>\n<p class=\"p1\"><span class=\"s1\"><i>Ezten se reserva el derecho a denegar o retirar el acceso a portal y\/o los servicios ofrecidos sin necesidad de preaviso, a instancia propia o de un tercero, a aquellos usuarios que incumplan las presentes Condiciones Generales de Uso.<\/i><\/span><\/p>\n<p class=\"p1\"><span class=\"s2\"><b><i>GENERALIDADES<\/i><\/b><\/span><\/p>\n<p class=\"p1\"><span class=\"s1\"><i>Ezten perseguir\u00e1 el incumplimiento de las presentes condiciones, as\u00ed como cualquier utilizaci\u00f3n indebida de su portal ejerciendo todas las acciones civiles y penales que le puedan corresponder en derecho.<\/i><\/span><\/p>\n<p class=\"p1\"><span class=\"s2\"><b><i>MODIFICACI\u00d3N DE LAS PRESENTES CONDICIONES Y DURACI\u00d3N<\/i><\/b><\/span><\/p>\n<p class=\"p1\"><span class=\"s1\"><i>Ezten podr\u00e1 modificar en cualquier momento las condiciones aqu\u00ed determinadas, siendo debidamente publicadas como aqu\u00ed aparecen.<\/i><\/span><\/p>\n<p class=\"p1\"><span class=\"s1\"><i>La vigencia de las citadas condiciones ir\u00e1 en funci\u00f3n de su exposici\u00f3n y estar\u00e1n vigentes hasta que sean modificadas por otras debidamente publicadas.<\/i><\/span><\/p>\n<p class=\"p1\"><span class=\"s2\"><b><i>LEGISLACI\u00d3N APLICABLE Y JURISDICCI\u00d3N<\/i><\/b><\/span><\/p>\n<p class=\"p1\"><span class=\"s1\"><i>La relaci\u00f3n entre Ezten y el USUARIO se regir\u00e1 por la normativa espa\u00f1ola vigente y cualquier controversia se someter\u00e1 a los Juzgados y tribunales de la ciudad anteriormente indicada.<\/i><\/span><\/p>\n[\/vc_column_text][\/vc_column][\/vc_row]\n","protected":false},"excerpt":{"rendered":"<p>[vc_row type=\u00bbin_container\u00bb full_screen_row_position=\u00bbmiddle\u00bb column_margin=\u00bbdefault\u00bb column_direction=\u00bbdefault\u00bb column_direction_tablet=\u00bbdefault\u00bb column_direction_phone=\u00bbdefault\u00bb scene_position=\u00bbcenter\u00bb text_color=\u00bbdark\u00bb text_align=\u00bbleft\u00bb row_border_radius=\u00bbnone\u00bb row_border_radius_applies=\u00bbbg\u00bb overflow=\u00bbvisible\u00bb overlay_strength=\u00bb0.3&#8243; gradient_direction=\u00bbleft_to_right\u00bb shape_divider_position=\u00bbbottom\u00bb bg_image_animation=\u00bbnone\u00bb][vc_column column_padding=\u00bbno-extra-padding\u00bb column_padding_tablet=\u00bbinherit\u00bb column_padding_phone=\u00bbinherit\u00bb column_padding_position=\u00bball\u00bb column_element_spacing=\u00bbdefault\u00bb background_color_opacity=\u00bb1&#8243; background_hover_color_opacity=\u00bb1&#8243; column_shadow=\u00bbnone\u00bb column_border_radius=\u00bbnone\u00bb column_link_target=\u00bb_self\u00bb column_position=\u00bbdefault\u00bb gradient_direction=\u00bbleft_to_right\u00bb overlay_strength=\u00bb0.3&#8243;&#8230;<\/p>\n","protected":false},"author":4,"featured_media":0,"parent":0,"menu_order":0,"comment_status":"closed","ping_status":"closed","template":"","meta":{"footnotes":""},"class_list":["post-31929","page","type-page","status-publish"],"yoast_head":"<!-- This site is optimized with the Yoast SEO plugin v27.3 - https:\/\/yoast.com\/product\/yoast-seo-wordpress\/ -->\n<title>AVISO LEGAL - Hezten<\/title>\n<meta name=\"robots\" content=\"index, follow, max-snippet:-1, max-image-preview:large, max-video-preview:-1\" \/>\n<link rel=\"canonical\" href=\"https:\/\/hezten.eus\/es\/aviso-legal\/\" \/>\n<meta property=\"og:locale\" content=\"es_ES\" \/>\n<meta property=\"og:type\" content=\"article\" \/>\n<meta property=\"og:title\" content=\"AVISO LEGAL - Hezten\" \/>\n<meta property=\"og:description\" content=\"[vc_row type=\u00bbin_container\u00bb full_screen_row_position=\u00bbmiddle\u00bb column_margin=\u00bbdefault\u00bb column_direction=\u00bbdefault\u00bb column_direction_tablet=\u00bbdefault\u00bb column_direction_phone=\u00bbdefault\u00bb scene_position=\u00bbcenter\u00bb text_color=\u00bbdark\u00bb text_align=\u00bbleft\u00bb row_border_radius=\u00bbnone\u00bb row_border_radius_applies=\u00bbbg\u00bb overflow=\u00bbvisible\u00bb overlay_strength=\u00bb0.3&#8243; gradient_direction=\u00bbleft_to_right\u00bb shape_divider_position=\u00bbbottom\u00bb bg_image_animation=\u00bbnone\u00bb][vc_column column_padding=\u00bbno-extra-padding\u00bb column_padding_tablet=\u00bbinherit\u00bb column_padding_phone=\u00bbinherit\u00bb column_padding_position=\u00bball\u00bb column_element_spacing=\u00bbdefault\u00bb background_color_opacity=\u00bb1&#8243; background_hover_color_opacity=\u00bb1&#8243; column_shadow=\u00bbnone\u00bb column_border_radius=\u00bbnone\u00bb column_link_target=\u00bb_self\u00bb column_position=\u00bbdefault\u00bb gradient_direction=\u00bbleft_to_right\u00bb overlay_strength=\u00bb0.3&#8243;...\" \/>\n<meta property=\"og:url\" content=\"https:\/\/hezten.eus\/es\/aviso-legal\/\" \/>\n<meta property=\"og:site_name\" content=\"Hezten\" \/>\n<meta property=\"article:modified_time\" content=\"2022-10-05T11:18:13+00:00\" \/>\n<meta name=\"twitter:card\" content=\"summary_large_image\" \/>\n<meta name=\"twitter:label1\" content=\"Tiempo de lectura\" \/>\n\t<meta name=\"twitter:data1\" content=\"6 minutos\" \/>\n<script type=\"application\/ld+json\" class=\"yoast-schema-graph\">{\"@context\":\"https:\\\/\\\/schema.org\",\"@graph\":[{\"@type\":\"WebPage\",\"@id\":\"https:\\\/\\\/hezten.eus\\\/es\\\/aviso-legal\\\/\",\"url\":\"https:\\\/\\\/hezten.eus\\\/es\\\/aviso-legal\\\/\",\"name\":\"AVISO LEGAL - Hezten\",\"isPartOf\":{\"@id\":\"https:\\\/\\\/hezten.eus\\\/es\\\/#website\"},\"datePublished\":\"2017-06-28T13:50:40+00:00\",\"dateModified\":\"2022-10-05T11:18:13+00:00\",\"breadcrumb\":{\"@id\":\"https:\\\/\\\/hezten.eus\\\/es\\\/aviso-legal\\\/#breadcrumb\"},\"inLanguage\":\"es\",\"potentialAction\":[{\"@type\":\"ReadAction\",\"target\":[\"https:\\\/\\\/hezten.eus\\\/es\\\/aviso-legal\\\/\"]}]},{\"@type\":\"BreadcrumbList\",\"@id\":\"https:\\\/\\\/hezten.eus\\\/es\\\/aviso-legal\\\/#breadcrumb\",\"itemListElement\":[{\"@type\":\"ListItem\",\"position\":1,\"name\":\"Home\",\"item\":\"https:\\\/\\\/hezten.eus\\\/es\\\/\"},{\"@type\":\"ListItem\",\"position\":2,\"name\":\"AVISO LEGAL\"}]},{\"@type\":\"WebSite\",\"@id\":\"https:\\\/\\\/hezten.eus\\\/es\\\/#website\",\"url\":\"https:\\\/\\\/hezten.eus\\\/es\\\/\",\"name\":\"Hezten\",\"description\":\"Aisialdi euskaltzalea\",\"potentialAction\":[{\"@type\":\"SearchAction\",\"target\":{\"@type\":\"EntryPoint\",\"urlTemplate\":\"https:\\\/\\\/hezten.eus\\\/es\\\/?s={search_term_string}\"},\"query-input\":{\"@type\":\"PropertyValueSpecification\",\"valueRequired\":true,\"valueName\":\"search_term_string\"}}],\"inLanguage\":\"es\"}]}<\/script>\n<!-- \/ Yoast SEO plugin. -->","yoast_head_json":{"title":"AVISO LEGAL - Hezten","robots":{"index":"index","follow":"follow","max-snippet":"max-snippet:-1","max-image-preview":"max-image-preview:large","max-video-preview":"max-video-preview:-1"},"canonical":"https:\/\/hezten.eus\/es\/aviso-legal\/","og_locale":"es_ES","og_type":"article","og_title":"AVISO LEGAL - Hezten","og_description":"[vc_row type=\u00bbin_container\u00bb full_screen_row_position=\u00bbmiddle\u00bb column_margin=\u00bbdefault\u00bb column_direction=\u00bbdefault\u00bb column_direction_tablet=\u00bbdefault\u00bb column_direction_phone=\u00bbdefault\u00bb scene_position=\u00bbcenter\u00bb text_color=\u00bbdark\u00bb text_align=\u00bbleft\u00bb row_border_radius=\u00bbnone\u00bb row_border_radius_applies=\u00bbbg\u00bb overflow=\u00bbvisible\u00bb overlay_strength=\u00bb0.3&#8243; gradient_direction=\u00bbleft_to_right\u00bb shape_divider_position=\u00bbbottom\u00bb bg_image_animation=\u00bbnone\u00bb][vc_column column_padding=\u00bbno-extra-padding\u00bb column_padding_tablet=\u00bbinherit\u00bb column_padding_phone=\u00bbinherit\u00bb column_padding_position=\u00bball\u00bb column_element_spacing=\u00bbdefault\u00bb background_color_opacity=\u00bb1&#8243; background_hover_color_opacity=\u00bb1&#8243; column_shadow=\u00bbnone\u00bb column_border_radius=\u00bbnone\u00bb column_link_target=\u00bb_self\u00bb column_position=\u00bbdefault\u00bb gradient_direction=\u00bbleft_to_right\u00bb overlay_strength=\u00bb0.3&#8243;...","og_url":"https:\/\/hezten.eus\/es\/aviso-legal\/","og_site_name":"Hezten","article_modified_time":"2022-10-05T11:18:13+00:00","twitter_card":"summary_large_image","twitter_misc":{"Tiempo de lectura":"6 minutos"},"schema":{"@context":"https:\/\/schema.org","@graph":[{"@type":"WebPage","@id":"https:\/\/hezten.eus\/es\/aviso-legal\/","url":"https:\/\/hezten.eus\/es\/aviso-legal\/","name":"AVISO LEGAL - Hezten","isPartOf":{"@id":"https:\/\/hezten.eus\/es\/#website"},"datePublished":"2017-06-28T13:50:40+00:00","dateModified":"2022-10-05T11:18:13+00:00","breadcrumb":{"@id":"https:\/\/hezten.eus\/es\/aviso-legal\/#breadcrumb"},"inLanguage":"es","potentialAction":[{"@type":"ReadAction","target":["https:\/\/hezten.eus\/es\/aviso-legal\/"]}]},{"@type":"BreadcrumbList","@id":"https:\/\/hezten.eus\/es\/aviso-legal\/#breadcrumb","itemListElement":[{"@type":"ListItem","position":1,"name":"Home","item":"https:\/\/hezten.eus\/es\/"},{"@type":"ListItem","position":2,"name":"AVISO LEGAL"}]},{"@type":"WebSite","@id":"https:\/\/hezten.eus\/es\/#website","url":"https:\/\/hezten.eus\/es\/","name":"Hezten","description":"Aisialdi euskaltzalea","potentialAction":[{"@type":"SearchAction","target":{"@type":"EntryPoint","urlTemplate":"https:\/\/hezten.eus\/es\/?s={search_term_string}"},"query-input":{"@type":"PropertyValueSpecification","valueRequired":true,"valueName":"search_term_string"}}],"inLanguage":"es"}]}},"_links":{"self":[{"href":"https:\/\/hezten.eus\/es\/wp-json\/wp\/v2\/pages\/31929","targetHints":{"allow":["GET"]}}],"collection":[{"href":"https:\/\/hezten.eus\/es\/wp-json\/wp\/v2\/pages"}],"about":[{"href":"https:\/\/hezten.eus\/es\/wp-json\/wp\/v2\/types\/page"}],"author":[{"embeddable":true,"href":"https:\/\/hezten.eus\/es\/wp-json\/wp\/v2\/users\/4"}],"replies":[{"embeddable":true,"href":"https:\/\/hezten.eus\/es\/wp-json\/wp\/v2\/comments?post=31929"}],"version-history":[{"count":8,"href":"https:\/\/hezten.eus\/es\/wp-json\/wp\/v2\/pages\/31929\/revisions"}],"predecessor-version":[{"id":59699,"href":"https:\/\/hezten.eus\/es\/wp-json\/wp\/v2\/pages\/31929\/revisions\/59699"}],"wp:attachment":[{"href":"https:\/\/hezten.eus\/es\/wp-json\/wp\/v2\/media?parent=31929"}],"curies":[{"name":"wp","href":"https:\/\/api.w.org\/{rel}","templated":true}]}}