{"id":30813,"date":"2017-02-28T09:25:41","date_gmt":"2017-02-28T08:25:41","guid":{"rendered":"https:\/\/hezten.eus\/es\/?page_id=30813"},"modified":"2024-05-27T12:03:44","modified_gmt":"2024-05-27T11:03:44","slug":"politica-de-privacidad","status":"publish","type":"page","link":"https:\/\/hezten.eus\/es\/politica-de-privacidad\/","title":{"rendered":"Pol\u00edtica de privacidad"},"content":{"rendered":"[vc_row type=\u00bbin_container\u00bb full_screen_row_position=\u00bbmiddle\u00bb column_margin=\u00bbdefault\u00bb column_direction=\u00bbdefault\u00bb column_direction_tablet=\u00bbdefault\u00bb column_direction_phone=\u00bbdefault\u00bb scene_position=\u00bbcenter\u00bb text_color=\u00bbdark\u00bb text_align=\u00bbleft\u00bb row_border_radius=\u00bbnone\u00bb row_border_radius_applies=\u00bbbg\u00bb overflow=\u00bbvisible\u00bb overlay_strength=\u00bb0.3&#8243; gradient_direction=\u00bbleft_to_right\u00bb shape_divider_position=\u00bbbottom\u00bb bg_image_animation=\u00bbnone\u00bb][vc_column column_padding=\u00bbno-extra-padding\u00bb column_padding_tablet=\u00bbinherit\u00bb column_padding_phone=\u00bbinherit\u00bb column_padding_position=\u00bball\u00bb column_element_spacing=\u00bbdefault\u00bb background_color_opacity=\u00bb1&#8243; background_hover_color_opacity=\u00bb1&#8243; column_shadow=\u00bbnone\u00bb column_border_radius=\u00bbnone\u00bb column_link_target=\u00bb_self\u00bb column_position=\u00bbdefault\u00bb gradient_direction=\u00bbleft_to_right\u00bb overlay_strength=\u00bb0.3&#8243; width=\u00bb1\/1&#8243; tablet_width_inherit=\u00bbdefault\u00bb tablet_text_alignment=\u00bbdefault\u00bb phone_text_alignment=\u00bbdefault\u00bb animation_type=\u00bbdefault\u00bb bg_image_animation=\u00bbnone\u00bb border_type=\u00bbsimple\u00bb column_border_width=\u00bbnone\u00bb column_border_style=\u00bbsolid\u00bb][divider line_type=\u00bbNo Line\u00bb custom_height=\u00bb50&#8243;][vc_column_text]\n<h1 class=\"p1\"><span class=\"s1\"><b>POL\u00cdTICA DE PRIVACIDAD<\/b><\/span><\/h1>\n<p class=\"p2\"><i>Somos una empresa en la que la transparencia en la informaci\u00f3n es fundamental para establecer una relaci\u00f3n de confianza con las personas que forman nuestro proyecto y con nuestros proveedores y alumnoss, siendo la protecci\u00f3n de los datos personales de las personas que conf\u00edan en nosotros de vital importancia, por lo que queremos mediante la presente Pol\u00edtica de privacidad informarte de c\u00f3mo recabamos y c\u00f3mo tratamos o utilizamos dichos datos.<\/i><\/p>\n<p class=\"p2\"><i>En esta pol\u00edtica de privacidad se establecen las bases sobre las que la empresa, trata los datos de car\u00e1cter personal que voluntariamente nos facilitan nuestros usuarios a trav\u00e9s de la p\u00e1gina web.<\/i><\/p>\n<p class=\"p2\"><i>Esta Pol\u00edtica siempre ser\u00e1 aplicable cuando se faciliten datos a la empresa, el cual ser\u00e1 responsable de sus datos (Responsable del Tratamiento de los Datos), y a trav\u00e9s de cualquiera de los formularios de contacto o suscripci\u00f3n donde se recojan datos de car\u00e1cter personal (nombre, email, etc.).<\/i><\/p>\n<p class=\"p1\"><span class=\"s1\"><b><i>A QU\u00c9 NOS COMPROMETEMOS<\/i><\/b><\/span><\/p>\n<ul class=\"ul1\">\n<li class=\"li3\"><i>A respetar la privacidad de nuestros usuarios y tratar los datos personales con el consentimiento de los mismos.<\/i><\/li>\n<li class=\"li3\"><i>A tratar los datos personales que estrictamente necesitemos para dar el servicio solicitado, y tratarlos de forma segura y confidencial, tomando las medidas necesarias para evitar el acceso no autorizado y el uso indebido de los mismos.<\/i><\/li>\n<li class=\"li3\"><i>A no utilizar los datos personales para finalidades para las que no hemos obtenido previamente el consentimiento.<\/i><\/li>\n<li class=\"li3\"><i>A no dar los datos personales a terceros ni compartirlos.<\/i><\/li>\n<li class=\"li3\"><i>A conservar los datos personales durante el tiempo estrictamente necesario para la finalidad concreta para la que han sido proporcionados.<\/i><\/li>\n<\/ul>\n<p class=\"p2\"><span class=\"s1\"><b><i>QUI\u00c9N ES EL RESPONSABLE DE TUS DATOS PERSONALES<\/i><\/b><\/span><\/p>\n<table class=\"t1\" cellspacing=\"0\" cellpadding=\"0\">\n<tbody>\n<tr>\n<td class=\"td1\" valign=\"top\">\n<p class=\"p5\">Nombre de la empresa<\/p>\n<\/td>\n<td class=\"td2\" valign=\"top\">\n<p class=\"p5\">Hezten<\/p>\n<\/td>\n<\/tr>\n<tr>\n<td class=\"td3\" valign=\"top\">\n<p class=\"p5\">NIF<\/p>\n<\/td>\n<td class=\"td4\" valign=\"top\">\n<p class=\"p5\">G20538997<\/p>\n<\/td>\n<\/tr>\n<tr>\n<td class=\"td1\" valign=\"top\">\n<p class=\"p5\">Direcci\u00f3n<\/p>\n<\/td>\n<td class=\"td2\" valign=\"top\">\n<p class=\"p5\">Camino Mundaiz, 8. 2\u00baE, 20012, Donostia-Sas Sebasti\u00e1n, Gipuzkoa<\/p>\n<\/td>\n<\/tr>\n<\/tbody>\n<\/table>\n<p class=\"p1\"><span class=\"s1\"><b><i>QU\u00c9 ES UN DATO PERSONAL Y EL TRATAMIENTO DE DATOS PERSONALES<\/i><\/b><\/span><\/p>\n<p class=\"p2\"><i>Un dato personal es toda informaci\u00f3n sobre una persona f\u00edsica identificada o identificable. Se considera persona f\u00edsica identificable toda persona cuya identidad pueda determinarse directa o indirectamente, en particular mediante un identificador, como por ejemplo un nombre, un n\u00famero de identificaci\u00f3n, datos de localizaci\u00f3n, un identificador en l\u00ednea o uno o varios elementos propios de la identidad f\u00edsica, fisiol\u00f3gica, gen\u00e9tica, ps\u00edquica, econ\u00f3mica, cultural o social de dicha persona. <\/i><\/p>\n<p class=\"p1\"><i>Asimismo, el tratamiento de datos personales implica cualquier operaci\u00f3n o conjunto de operaciones realizadas sobre datos personales o conjuntos de datos personales, ya sea por procedimientos automatizados o no, como la recogida, registro, organizaci\u00f3n, estructuraci\u00f3n, conservaci\u00f3n, adaptaci\u00f3n o modificaci\u00f3n, extracci\u00f3n, consulta, utilizaci\u00f3n, comunicaci\u00f3n por transmisi\u00f3n, difusi\u00f3n o cualquier otra forma de habilitaci\u00f3n de acceso, cotejo o interconexi\u00f3n, limitaci\u00f3n, supresi\u00f3n o destrucci\u00f3n.<\/i><\/p>\n<p class=\"p1\"><span class=\"s1\"><b><i>QU\u00c9 TRATAMIENTOS REALIZAMOS SOBRE SUS DATOS PERSONALES Y PARA QU\u00c9 FINALIDADES<\/i><\/b><\/span><\/p>\n<ul class=\"ul1\">\n<li class=\"li3\"><i>Solicitud de informaci\u00f3n por parte del usuario<\/i><\/li>\n<\/ul>\n<p class=\"p4\"><i>Gestionar la solicitud de informaci\u00f3n remitida por parte del usuario a trav\u00e9s del formulario de contacto y\/o la direcci\u00f3n de correo electr\u00f3nico, correo postal y\/o n\u00famero de tel\u00e9fono facilitado a trav\u00e9s del sitio web. <\/i><\/p>\n<ul class=\"ul1\">\n<li class=\"li3\"><i>Suscripci\u00f3n a newsletter<\/i><\/li>\n<\/ul>\n<p class=\"p4\"><i>Gestionar la suscripci\u00f3n al env\u00edo de newsletter <\/i><\/p>\n<ul class=\"ul1\">\n<li class=\"li3\"><i>Trabajar con nosotros mediante el env\u00edo del curr\u00edculum<\/i><\/li>\n<\/ul>\n<p class=\"p4\"><i>Gesti\u00f3n de los CV recibidos a trav\u00e9s del formulario disponible en el sitio web.<\/i><\/p>\n<ul class=\"ul1\">\n<li class=\"li3\"><i>Alta y acceso al perfil de usuario<\/i><\/li>\n<\/ul>\n<p class=\"p4\"><i>Gesti\u00f3n del alta y del acceso al portal de usuario mediante la correspondiente cuenta de usuario y contrase\u00f1a. <\/i><\/p>\n<ul class=\"ul2\">\n<li class=\"li3\"><i>Gesti\u00f3n de los comentarios en el blog.<\/i><\/li>\n<\/ul>\n<p class=\"p4\"><i>Gestionar el env\u00edo y recepci\u00f3n de los comentarios que el usuario haya dejado en el blog.<\/i><\/p>\n<p class=\"p6\"><span class=\"s1\"><b><i>QU\u00c9 DATOS PERSONALES CAPTAMOS<\/i><\/b><\/span><\/p>\n<p class=\"p6\"><i>A trav\u00e9s de nuestra p\u00e1gina web podemos recabar datos personales para diferentes finalidades:<\/i><\/p>\n<ul class=\"ul1\">\n<li class=\"li3\"><i>Solicitud de informaci\u00f3n por parte del usuario<\/i><\/li>\n<\/ul>\n<p class=\"p4\"><i>Captaremos aquellos datos personales que nos haya facilitado con motivo de la consulta planteada.<\/i><\/p>\n<ul class=\"ul1\">\n<li class=\"li3\"><i>Suscripci\u00f3n a newsletter<\/i><\/li>\n<\/ul>\n<p class=\"p4\"><i>Captaremos su direcci\u00f3n de correo electr\u00f3nico. <\/i><\/p>\n<ul class=\"ul1\">\n<li class=\"li3\"><i>Trabaja con nosotros mediante el env\u00edo de curr\u00edculum <\/i><\/li>\n<\/ul>\n<p class=\"p4\"><i>Captaremos la informaci\u00f3n contenida en el CV que nos haya facilitado. <\/i><\/p>\n<ul class=\"ul1\">\n<li class=\"li3\"><i>Alta y acceso al perfil de usuario<\/i><\/li>\n<\/ul>\n<p class=\"p4\"><i>Nombre de usuario y contrase\u00f1a, as\u00ed como cualquier otro dato que se haya facilitado con el fin de crear la cuenta o perfil.<\/i><\/p>\n<ul class=\"ul2\">\n<li class=\"li3\"><i>Gesti\u00f3n de los comentarios en el blog.<\/i><\/li>\n<\/ul>\n<p class=\"p4\"><i>Cualquier dato que se haya facilitado al publicar el correspondiente comentario. <\/i><\/p>\n<p class=\"p1\"><i>Dependiendo de la finalidad para la que se aportan los datos, ser\u00e1n requeridos los datos estrictamente necesarios. <\/i><\/p>\n<p class=\"p1\"><i>Es importante que el usuario sea consciente de los datos que aporta y la finalidad para la que lo hace porque en el momento que los facilita, est\u00e1 aceptando que recopilemos, almacenemos y usemos dichos datos para la finalidad requerida, pudiendo en cualquier momento retirar el consentimiento prestado por los cauces oportunos siendo el consentimiento del interesado la base legal y legitimaci\u00f3n para el tratamiento de sus datos personales.<\/i><\/p>\n<p class=\"p6\"><span class=\"s1\"><b><i>CU\u00c1L ES LA LEGITIMACI\u00d3N PARA EL TRATAMIENTO DE LOS DATOS PERSONALES<\/i><\/b><\/span><\/p>\n<p class=\"p1\"><i>De acuerdo con la normativa vigente en materia de protecci\u00f3n de datos, necesitamos una base de legitimaci\u00f3n para el tratamiento de sus datos personales. La base de legitimaci\u00f3n es su consentimiento. <\/i><\/p>\n<p class=\"p6\"><span class=\"s1\"><b><i>QU\u00c9 DERECHOS TIENE SOBRE LOS DATOS PERSONALES APORTADOS<\/i><\/b><\/span><\/p>\n<p class=\"p8\"><i>Como usuario, puede ejercitar los siguientes derechos: <\/i><\/p>\n<ul class=\"ul2\">\n<li class=\"li3\"><span class=\"s1\"><i>Derecho de acceso<\/i><\/span><i>: Tiene derecho a obtener por parte de la empresa confirmaci\u00f3n de si se est\u00e1n tratando o no sus datos personales que, y en su caso, qu\u00e9 datos trata.<\/i><\/li>\n<li class=\"li3\"><span class=\"s1\"><i>Derecho de rectificaci\u00f3n<\/i><\/span><i>: Tiene derecho a obtener por parte de Hezten, la rectificaci\u00f3n de los datos personales inexactos que le conciernan. En la solicitud de rectificaci\u00f3n deber\u00e1 indicar los datos que desea que se modifiquen.<\/i><\/li>\n<li class=\"li3\"><span class=\"s1\"><i>Derecho de oposici\u00f3n<\/i><\/span><i>: Tiene derecho a oponerse en cualquier momento, por motivos relacionados con su situaci\u00f3n particular, a que datos personales que le conciernan sean objeto de un tratamiento basado en el inter\u00e9s leg\u00edtimo de la empresa. En ese caso, la empresa dejar\u00e1 de tratar los datos personales, salvo que acreditemos motivos leg\u00edtimos imperiosos para el tratamiento<span class=\"Apple-converted-space\">\u00a0 <\/span>que prevalezcan sobre sus intereses, derechos y libertades, o para la formulaci\u00f3n, el ejercicio o la defensa de reclamaciones.<\/i><\/li>\n<li class=\"li3\"><span class=\"s1\"><i>Derecho de supresi\u00f3n<\/i><\/span><i>: Tiene derecho a obtener por parte de Hezten, la supresi\u00f3n de los datos personales que le conciernan.<\/i><\/li>\n<li class=\"li3\"><span class=\"s1\"><i>Derecho a la portabilidad de los datos<\/i><\/span><i>: Tiene derecho a que la empresa transfiera sus datos personales a otro responsable del tratamiento. Solo es posible ejercer este derecho cuando el tratamiento est\u00e9 basado en la ejecuci\u00f3n de un contrato o en su consentimiento y el tratamiento se realice por medios automatizados.<\/i><\/li>\n<li class=\"li3\"><span class=\"s1\"><i>Derecho a la limitaci\u00f3n del tratamiento<\/i><\/span><i>: Tiene derecho a solicitarnos que suspendamos el tratamiento de sus datos cuando: impugne la exactitud de los datos, mientras Hezten verifica dicha exactitud; haya ejercido el derecho de oposici\u00f3n al tratamiento de sus datos, mientras que se verifica si los motivos leg\u00edtimos de Hezten prevalecen sobre los suyos como interesado.<\/i><\/li>\n<\/ul>\n<p class=\"p1\"><i>En cualquier momento, podr\u00e1 ejercitar estos Derechos, mediante un escrito y acreditando su personalidad dirigido al responsable del tratamiento a la direcci\u00f3n se\u00f1alada anteriormente, o a trav\u00e9s de la direcci\u00f3n de correo electr\u00f3nico: leire.goitia@urtxintxa.eus; idazkaritza@hezten.eus.<\/i><\/p>\n<p class=\"p1\"><i>Adem\u00e1s, podr\u00e1 presentar una reclamaci\u00f3n ante la autoridad de control, en este caso, la Agencia Espa\u00f1ola de Protecci\u00f3n de Datos, si considera que el tratamiento de datos personales infringe la legislaci\u00f3n aplicable.<\/i><\/p>\n<p class=\"p6\"><span class=\"s1\"><b><i>SEGURIDAD Y ALMACENAMIENTO DE LOS DATOS<\/i><\/b><\/span><\/p>\n<p class=\"p1\"><i>Mantendremos los datos durante el tiempo estrictamente necesario para la prestaci\u00f3n del servicio solicitado y mientras el titular no solicite su eliminaci\u00f3n, adoptando las medidas adecuadas de car\u00e1cter t\u00e9cnico y organizativo contra el tratamiento no autorizado o il\u00edcito y contra su p\u00e9rdida, destrucci\u00f3n o da\u00f1o accidentales, haciendo todo lo posible por protegerlos y mantenerlos de forma segura.<\/i><\/p>\n<p class=\"p6\"><span class=\"s1\"><b><i>QU\u00c9 DATOS PERSONALES COMPARTIMOS CON TERCEROS<\/i><\/b><\/span><\/p>\n<p class=\"p1\"><i>No se prev\u00e9n cesiones de datos salvo en aquellos casos en que exista una obligaci\u00f3n legal o comunicaci\u00f3n necesaria para poder prestarle el servicio solicitado adecuadamente. No hay previsi\u00f3n de transferencias de datos internacionales.<\/i><\/p>\n[\/vc_column_text][\/vc_column][\/vc_row]\n","protected":false},"excerpt":{"rendered":"<p>[vc_row type=\u00bbin_container\u00bb full_screen_row_position=\u00bbmiddle\u00bb column_margin=\u00bbdefault\u00bb column_direction=\u00bbdefault\u00bb column_direction_tablet=\u00bbdefault\u00bb column_direction_phone=\u00bbdefault\u00bb scene_position=\u00bbcenter\u00bb text_color=\u00bbdark\u00bb text_align=\u00bbleft\u00bb row_border_radius=\u00bbnone\u00bb row_border_radius_applies=\u00bbbg\u00bb overflow=\u00bbvisible\u00bb overlay_strength=\u00bb0.3&#8243; gradient_direction=\u00bbleft_to_right\u00bb shape_divider_position=\u00bbbottom\u00bb bg_image_animation=\u00bbnone\u00bb][vc_column column_padding=\u00bbno-extra-padding\u00bb column_padding_tablet=\u00bbinherit\u00bb column_padding_phone=\u00bbinherit\u00bb column_padding_position=\u00bball\u00bb column_element_spacing=\u00bbdefault\u00bb background_color_opacity=\u00bb1&#8243; background_hover_color_opacity=\u00bb1&#8243; column_shadow=\u00bbnone\u00bb column_border_radius=\u00bbnone\u00bb column_link_target=\u00bb_self\u00bb column_position=\u00bbdefault\u00bb gradient_direction=\u00bbleft_to_right\u00bb overlay_strength=\u00bb0.3&#8243;&#8230;<\/p>\n","protected":false},"author":1,"featured_media":0,"parent":0,"menu_order":0,"comment_status":"closed","ping_status":"closed","template":"","meta":{"footnotes":""},"class_list":["post-30813","page","type-page","status-publish"],"yoast_head":"<!-- This site is optimized with the Yoast SEO plugin v27.3 - https:\/\/yoast.com\/product\/yoast-seo-wordpress\/ -->\n<title>Pol\u00edtica de privacidad - Hezten<\/title>\n<meta name=\"robots\" content=\"index, follow, max-snippet:-1, max-image-preview:large, max-video-preview:-1\" \/>\n<link rel=\"canonical\" href=\"https:\/\/hezten.eus\/es\/politica-de-privacidad\/\" \/>\n<meta property=\"og:locale\" content=\"es_ES\" \/>\n<meta property=\"og:type\" content=\"article\" \/>\n<meta property=\"og:title\" content=\"Pol\u00edtica de privacidad - Hezten\" \/>\n<meta property=\"og:description\" content=\"[vc_row type=\u00bbin_container\u00bb full_screen_row_position=\u00bbmiddle\u00bb column_margin=\u00bbdefault\u00bb column_direction=\u00bbdefault\u00bb column_direction_tablet=\u00bbdefault\u00bb column_direction_phone=\u00bbdefault\u00bb scene_position=\u00bbcenter\u00bb text_color=\u00bbdark\u00bb text_align=\u00bbleft\u00bb row_border_radius=\u00bbnone\u00bb row_border_radius_applies=\u00bbbg\u00bb overflow=\u00bbvisible\u00bb overlay_strength=\u00bb0.3&#8243; gradient_direction=\u00bbleft_to_right\u00bb shape_divider_position=\u00bbbottom\u00bb bg_image_animation=\u00bbnone\u00bb][vc_column column_padding=\u00bbno-extra-padding\u00bb column_padding_tablet=\u00bbinherit\u00bb column_padding_phone=\u00bbinherit\u00bb column_padding_position=\u00bball\u00bb column_element_spacing=\u00bbdefault\u00bb background_color_opacity=\u00bb1&#8243; background_hover_color_opacity=\u00bb1&#8243; column_shadow=\u00bbnone\u00bb column_border_radius=\u00bbnone\u00bb column_link_target=\u00bb_self\u00bb column_position=\u00bbdefault\u00bb gradient_direction=\u00bbleft_to_right\u00bb overlay_strength=\u00bb0.3&#8243;...\" \/>\n<meta property=\"og:url\" content=\"https:\/\/hezten.eus\/es\/politica-de-privacidad\/\" \/>\n<meta property=\"og:site_name\" content=\"Hezten\" \/>\n<meta property=\"article:modified_time\" content=\"2024-05-27T11:03:44+00:00\" \/>\n<meta name=\"twitter:card\" content=\"summary_large_image\" \/>\n<meta name=\"twitter:label1\" content=\"Tiempo de lectura\" \/>\n\t<meta name=\"twitter:data1\" content=\"8 minutos\" \/>\n<script type=\"application\/ld+json\" class=\"yoast-schema-graph\">{\"@context\":\"https:\\\/\\\/schema.org\",\"@graph\":[{\"@type\":\"WebPage\",\"@id\":\"https:\\\/\\\/hezten.eus\\\/es\\\/politica-de-privacidad\\\/\",\"url\":\"https:\\\/\\\/hezten.eus\\\/es\\\/politica-de-privacidad\\\/\",\"name\":\"Pol\u00edtica de privacidad - Hezten\",\"isPartOf\":{\"@id\":\"https:\\\/\\\/hezten.eus\\\/es\\\/#website\"},\"datePublished\":\"2017-02-28T08:25:41+00:00\",\"dateModified\":\"2024-05-27T11:03:44+00:00\",\"breadcrumb\":{\"@id\":\"https:\\\/\\\/hezten.eus\\\/es\\\/politica-de-privacidad\\\/#breadcrumb\"},\"inLanguage\":\"es\",\"potentialAction\":[{\"@type\":\"ReadAction\",\"target\":[\"https:\\\/\\\/hezten.eus\\\/es\\\/politica-de-privacidad\\\/\"]}]},{\"@type\":\"BreadcrumbList\",\"@id\":\"https:\\\/\\\/hezten.eus\\\/es\\\/politica-de-privacidad\\\/#breadcrumb\",\"itemListElement\":[{\"@type\":\"ListItem\",\"position\":1,\"name\":\"Home\",\"item\":\"https:\\\/\\\/hezten.eus\\\/es\\\/\"},{\"@type\":\"ListItem\",\"position\":2,\"name\":\"Pol\u00edtica de privacidad\"}]},{\"@type\":\"WebSite\",\"@id\":\"https:\\\/\\\/hezten.eus\\\/es\\\/#website\",\"url\":\"https:\\\/\\\/hezten.eus\\\/es\\\/\",\"name\":\"Hezten\",\"description\":\"Aisialdi euskaltzalea\",\"potentialAction\":[{\"@type\":\"SearchAction\",\"target\":{\"@type\":\"EntryPoint\",\"urlTemplate\":\"https:\\\/\\\/hezten.eus\\\/es\\\/?s={search_term_string}\"},\"query-input\":{\"@type\":\"PropertyValueSpecification\",\"valueRequired\":true,\"valueName\":\"search_term_string\"}}],\"inLanguage\":\"es\"}]}<\/script>\n<!-- \/ Yoast SEO plugin. -->","yoast_head_json":{"title":"Pol\u00edtica de privacidad - Hezten","robots":{"index":"index","follow":"follow","max-snippet":"max-snippet:-1","max-image-preview":"max-image-preview:large","max-video-preview":"max-video-preview:-1"},"canonical":"https:\/\/hezten.eus\/es\/politica-de-privacidad\/","og_locale":"es_ES","og_type":"article","og_title":"Pol\u00edtica de privacidad - Hezten","og_description":"[vc_row type=\u00bbin_container\u00bb full_screen_row_position=\u00bbmiddle\u00bb column_margin=\u00bbdefault\u00bb column_direction=\u00bbdefault\u00bb column_direction_tablet=\u00bbdefault\u00bb column_direction_phone=\u00bbdefault\u00bb scene_position=\u00bbcenter\u00bb text_color=\u00bbdark\u00bb text_align=\u00bbleft\u00bb row_border_radius=\u00bbnone\u00bb row_border_radius_applies=\u00bbbg\u00bb overflow=\u00bbvisible\u00bb overlay_strength=\u00bb0.3&#8243; gradient_direction=\u00bbleft_to_right\u00bb shape_divider_position=\u00bbbottom\u00bb bg_image_animation=\u00bbnone\u00bb][vc_column column_padding=\u00bbno-extra-padding\u00bb column_padding_tablet=\u00bbinherit\u00bb column_padding_phone=\u00bbinherit\u00bb column_padding_position=\u00bball\u00bb column_element_spacing=\u00bbdefault\u00bb background_color_opacity=\u00bb1&#8243; background_hover_color_opacity=\u00bb1&#8243; column_shadow=\u00bbnone\u00bb column_border_radius=\u00bbnone\u00bb column_link_target=\u00bb_self\u00bb column_position=\u00bbdefault\u00bb gradient_direction=\u00bbleft_to_right\u00bb overlay_strength=\u00bb0.3&#8243;...","og_url":"https:\/\/hezten.eus\/es\/politica-de-privacidad\/","og_site_name":"Hezten","article_modified_time":"2024-05-27T11:03:44+00:00","twitter_card":"summary_large_image","twitter_misc":{"Tiempo de lectura":"8 minutos"},"schema":{"@context":"https:\/\/schema.org","@graph":[{"@type":"WebPage","@id":"https:\/\/hezten.eus\/es\/politica-de-privacidad\/","url":"https:\/\/hezten.eus\/es\/politica-de-privacidad\/","name":"Pol\u00edtica de privacidad - Hezten","isPartOf":{"@id":"https:\/\/hezten.eus\/es\/#website"},"datePublished":"2017-02-28T08:25:41+00:00","dateModified":"2024-05-27T11:03:44+00:00","breadcrumb":{"@id":"https:\/\/hezten.eus\/es\/politica-de-privacidad\/#breadcrumb"},"inLanguage":"es","potentialAction":[{"@type":"ReadAction","target":["https:\/\/hezten.eus\/es\/politica-de-privacidad\/"]}]},{"@type":"BreadcrumbList","@id":"https:\/\/hezten.eus\/es\/politica-de-privacidad\/#breadcrumb","itemListElement":[{"@type":"ListItem","position":1,"name":"Home","item":"https:\/\/hezten.eus\/es\/"},{"@type":"ListItem","position":2,"name":"Pol\u00edtica de privacidad"}]},{"@type":"WebSite","@id":"https:\/\/hezten.eus\/es\/#website","url":"https:\/\/hezten.eus\/es\/","name":"Hezten","description":"Aisialdi euskaltzalea","potentialAction":[{"@type":"SearchAction","target":{"@type":"EntryPoint","urlTemplate":"https:\/\/hezten.eus\/es\/?s={search_term_string}"},"query-input":{"@type":"PropertyValueSpecification","valueRequired":true,"valueName":"search_term_string"}}],"inLanguage":"es"}]}},"_links":{"self":[{"href":"https:\/\/hezten.eus\/es\/wp-json\/wp\/v2\/pages\/30813","targetHints":{"allow":["GET"]}}],"collection":[{"href":"https:\/\/hezten.eus\/es\/wp-json\/wp\/v2\/pages"}],"about":[{"href":"https:\/\/hezten.eus\/es\/wp-json\/wp\/v2\/types\/page"}],"author":[{"embeddable":true,"href":"https:\/\/hezten.eus\/es\/wp-json\/wp\/v2\/users\/1"}],"replies":[{"embeddable":true,"href":"https:\/\/hezten.eus\/es\/wp-json\/wp\/v2\/comments?post=30813"}],"version-history":[{"count":6,"href":"https:\/\/hezten.eus\/es\/wp-json\/wp\/v2\/pages\/30813\/revisions"}],"predecessor-version":[{"id":70547,"href":"https:\/\/hezten.eus\/es\/wp-json\/wp\/v2\/pages\/30813\/revisions\/70547"}],"wp:attachment":[{"href":"https:\/\/hezten.eus\/es\/wp-json\/wp\/v2\/media?parent=30813"}],"curies":[{"name":"wp","href":"https:\/\/api.w.org\/{rel}","templated":true}]}}