{"id":16154,"date":"2014-06-16T15:54:00","date_gmt":"2014-06-16T14:54:00","guid":{"rendered":"https:\/\/hezten.eus\/?page_id=16154"},"modified":"2014-06-16T16:05:41","modified_gmt":"2014-06-16T15:05:41","slug":"condiciones-de-compra","status":"publish","type":"page","link":"https:\/\/hezten.eus\/es\/tienda\/condiciones-de-compra\/","title":{"rendered":"Condiciones de compra"},"content":{"rendered":"<p>Los gastos de env\u00edo se contemplan en el precio del prodcuto.<\/p>\n<p>El proceso de env\u00edo no se iniciar\u00e1 hasta recibir el pago.<\/p>\n<p>Desde ese momento, el tiempo m\u00e1ximo de env\u00edo a la direcci\u00f3n facilitada ser\u00e1 de una semana.<\/p>\n<p>Este plazo se podr\u00e1 ver alterado por condiciones extenas a la actividad de Urtxintxa.<\/p>\n<p>La \u00fanica condici\u00f3n en la que se aceptar\u00e1n devoluciones ser\u00e1 en el caso de productos defectuosos.<\/p>\n<p>&nbsp;<\/p>\n<h3>Urtxintxa eskola -Gipuzkoa<br \/>\nMundaiz bidea 8-2.E<br \/>\n20012. Donostia<\/h3>\n<h4>CIF. G20538997<\/h4>\n<p>&nbsp;<\/p>\n","protected":false},"excerpt":{"rendered":"<p>Los gastos de env\u00edo se contemplan en el precio del prodcuto. El proceso de env\u00edo no se iniciar\u00e1 hasta recibir el pago. Desde ese momento, el tiempo m\u00e1ximo de env\u00edo&#8230;<\/p>\n","protected":false},"author":1,"featured_media":0,"parent":16157,"menu_order":0,"comment_status":"closed","ping_status":"open","template":"","meta":{"footnotes":""},"class_list":["post-16154","page","type-page","status-publish"],"yoast_head":"<!-- This site is optimized with the Yoast SEO plugin v27.3 - https:\/\/yoast.com\/product\/yoast-seo-wordpress\/ -->\n<title>Condiciones de compra - Hezten<\/title>\n<meta name=\"robots\" content=\"index, follow, max-snippet:-1, max-image-preview:large, max-video-preview:-1\" \/>\n<link rel=\"canonical\" href=\"https:\/\/hezten.eus\/es\/tienda\/condiciones-de-compra\/\" \/>\n<meta property=\"og:locale\" content=\"es_ES\" \/>\n<meta property=\"og:type\" content=\"article\" \/>\n<meta property=\"og:title\" content=\"Condiciones de compra - Hezten\" \/>\n<meta property=\"og:description\" content=\"Los gastos de env\u00edo se contemplan en el precio del prodcuto. El proceso de env\u00edo no se iniciar\u00e1 hasta recibir el pago. Desde ese momento, el tiempo m\u00e1ximo de env\u00edo...\" \/>\n<meta property=\"og:url\" content=\"https:\/\/hezten.eus\/es\/tienda\/condiciones-de-compra\/\" \/>\n<meta property=\"og:site_name\" content=\"Hezten\" \/>\n<meta property=\"article:modified_time\" content=\"2014-06-16T15:05:41+00:00\" \/>\n<meta name=\"twitter:card\" content=\"summary_large_image\" \/>\n<script type=\"application\/ld+json\" class=\"yoast-schema-graph\">{\"@context\":\"https:\\\/\\\/schema.org\",\"@graph\":[{\"@type\":\"WebPage\",\"@id\":\"https:\\\/\\\/hezten.eus\\\/es\\\/tienda\\\/condiciones-de-compra\\\/\",\"url\":\"https:\\\/\\\/hezten.eus\\\/es\\\/tienda\\\/condiciones-de-compra\\\/\",\"name\":\"Condiciones de compra - Hezten\",\"isPartOf\":{\"@id\":\"https:\\\/\\\/hezten.eus\\\/es\\\/#website\"},\"datePublished\":\"2014-06-16T14:54:00+00:00\",\"dateModified\":\"2014-06-16T15:05:41+00:00\",\"breadcrumb\":{\"@id\":\"https:\\\/\\\/hezten.eus\\\/es\\\/tienda\\\/condiciones-de-compra\\\/#breadcrumb\"},\"inLanguage\":\"es\",\"potentialAction\":[{\"@type\":\"ReadAction\",\"target\":[\"https:\\\/\\\/hezten.eus\\\/es\\\/tienda\\\/condiciones-de-compra\\\/\"]}]},{\"@type\":\"BreadcrumbList\",\"@id\":\"https:\\\/\\\/hezten.eus\\\/es\\\/tienda\\\/condiciones-de-compra\\\/#breadcrumb\",\"itemListElement\":[{\"@type\":\"ListItem\",\"position\":1,\"name\":\"Home\",\"item\":\"https:\\\/\\\/hezten.eus\\\/es\\\/\"},{\"@type\":\"ListItem\",\"position\":2,\"name\":\"Tienda\",\"item\":\"https:\\\/\\\/hezten.eus\\\/es\\\/tienda\\\/\"},{\"@type\":\"ListItem\",\"position\":3,\"name\":\"Condiciones de compra\"}]},{\"@type\":\"WebSite\",\"@id\":\"https:\\\/\\\/hezten.eus\\\/es\\\/#website\",\"url\":\"https:\\\/\\\/hezten.eus\\\/es\\\/\",\"name\":\"Hezten\",\"description\":\"Aisialdi euskaltzalea\",\"potentialAction\":[{\"@type\":\"SearchAction\",\"target\":{\"@type\":\"EntryPoint\",\"urlTemplate\":\"https:\\\/\\\/hezten.eus\\\/es\\\/?s={search_term_string}\"},\"query-input\":{\"@type\":\"PropertyValueSpecification\",\"valueRequired\":true,\"valueName\":\"search_term_string\"}}],\"inLanguage\":\"es\"}]}<\/script>\n<!-- \/ Yoast SEO plugin. -->","yoast_head_json":{"title":"Condiciones de compra - Hezten","robots":{"index":"index","follow":"follow","max-snippet":"max-snippet:-1","max-image-preview":"max-image-preview:large","max-video-preview":"max-video-preview:-1"},"canonical":"https:\/\/hezten.eus\/es\/tienda\/condiciones-de-compra\/","og_locale":"es_ES","og_type":"article","og_title":"Condiciones de compra - Hezten","og_description":"Los gastos de env\u00edo se contemplan en el precio del prodcuto. El proceso de env\u00edo no se iniciar\u00e1 hasta recibir el pago. Desde ese momento, el tiempo m\u00e1ximo de env\u00edo...","og_url":"https:\/\/hezten.eus\/es\/tienda\/condiciones-de-compra\/","og_site_name":"Hezten","article_modified_time":"2014-06-16T15:05:41+00:00","twitter_card":"summary_large_image","schema":{"@context":"https:\/\/schema.org","@graph":[{"@type":"WebPage","@id":"https:\/\/hezten.eus\/es\/tienda\/condiciones-de-compra\/","url":"https:\/\/hezten.eus\/es\/tienda\/condiciones-de-compra\/","name":"Condiciones de compra - Hezten","isPartOf":{"@id":"https:\/\/hezten.eus\/es\/#website"},"datePublished":"2014-06-16T14:54:00+00:00","dateModified":"2014-06-16T15:05:41+00:00","breadcrumb":{"@id":"https:\/\/hezten.eus\/es\/tienda\/condiciones-de-compra\/#breadcrumb"},"inLanguage":"es","potentialAction":[{"@type":"ReadAction","target":["https:\/\/hezten.eus\/es\/tienda\/condiciones-de-compra\/"]}]},{"@type":"BreadcrumbList","@id":"https:\/\/hezten.eus\/es\/tienda\/condiciones-de-compra\/#breadcrumb","itemListElement":[{"@type":"ListItem","position":1,"name":"Home","item":"https:\/\/hezten.eus\/es\/"},{"@type":"ListItem","position":2,"name":"Tienda","item":"https:\/\/hezten.eus\/es\/tienda\/"},{"@type":"ListItem","position":3,"name":"Condiciones de compra"}]},{"@type":"WebSite","@id":"https:\/\/hezten.eus\/es\/#website","url":"https:\/\/hezten.eus\/es\/","name":"Hezten","description":"Aisialdi euskaltzalea","potentialAction":[{"@type":"SearchAction","target":{"@type":"EntryPoint","urlTemplate":"https:\/\/hezten.eus\/es\/?s={search_term_string}"},"query-input":{"@type":"PropertyValueSpecification","valueRequired":true,"valueName":"search_term_string"}}],"inLanguage":"es"}]}},"_links":{"self":[{"href":"https:\/\/hezten.eus\/es\/wp-json\/wp\/v2\/pages\/16154","targetHints":{"allow":["GET"]}}],"collection":[{"href":"https:\/\/hezten.eus\/es\/wp-json\/wp\/v2\/pages"}],"about":[{"href":"https:\/\/hezten.eus\/es\/wp-json\/wp\/v2\/types\/page"}],"author":[{"embeddable":true,"href":"https:\/\/hezten.eus\/es\/wp-json\/wp\/v2\/users\/1"}],"replies":[{"embeddable":true,"href":"https:\/\/hezten.eus\/es\/wp-json\/wp\/v2\/comments?post=16154"}],"version-history":[{"count":1,"href":"https:\/\/hezten.eus\/es\/wp-json\/wp\/v2\/pages\/16154\/revisions"}],"predecessor-version":[{"id":16155,"href":"https:\/\/hezten.eus\/es\/wp-json\/wp\/v2\/pages\/16154\/revisions\/16155"}],"up":[{"embeddable":true,"href":"https:\/\/hezten.eus\/es\/wp-json\/wp\/v2\/pages\/16157"}],"wp:attachment":[{"href":"https:\/\/hezten.eus\/es\/wp-json\/wp\/v2\/media?parent=16154"}],"curies":[{"name":"wp","href":"https:\/\/api.w.org\/{rel}","templated":true}]}}